{"id":798,"date":"2018-08-30T12:23:15","date_gmt":"2018-08-30T15:23:15","guid":{"rendered":"https:\/\/isfdborges-crr.infd.edu.ar\/sitio\/datos-institucionales\/"},"modified":"2020-03-10T21:34:36","modified_gmt":"2020-03-11T00:34:36","slug":"datos-institucionales","status":"publish","type":"page","link":"https:\/\/isfdborges-crr.infd.edu.ar\/sitio\/datos-institucionales\/","title":{"rendered":"Datos institucionales"},"content":{"rendered":"<div>\n<blockquote>\n<h2><strong><span style=\"font-family: verdana; font-size: 10pt;\" data-mce-mark=\"1\">INSTITUTO SUPERIOR DE FORMACION DOCENTE <\/span><\/strong><\/h2>\n<h2><span style=\"font-family: verdana; font-size: 10pt;\" data-mce-mark=\"1\"><strong>\u00abJORGE LUIS BORGES\u00bb<\/strong><\/span><\/h2>\n<div>\n<ul>\n<li>\n<address><span style=\"font-family: arial,helvetica,sans-serif; font-size: 12pt;\">\u00a0<strong>Horarios de atenci\u00f3n<\/strong>: 18.00 a 23.00 Hs.<\/span><\/address>\n<\/li>\n<li>\n<address><span style=\"font-family: arial,helvetica,sans-serif; font-size: 12pt;\" data-mce-mark=\"1\"><strong>Direcci\u00f3n:<\/strong> San Mart\u00edn 550\u00a0<\/span><\/address>\n<\/li>\n<li>\n<address><strong><span style=\"font-family: arial,helvetica,sans-serif; font-size: 12pt;\" data-mce-mark=\"1\">Tel\u00e9fonos:<\/span><\/strong><span style=\"font-family: arial,helvetica,sans-serif; font-size: 12pt;\" data-mce-mark=\"1\">&#8211;<\/span><\/address>\n<\/li>\n<li>\n<address><span style=\"font-family: arial,helvetica,sans-serif; font-size: 12pt;\" data-mce-mark=\"1\"><strong>E-mail de consultas:\u00a0<\/strong><\/span><\/address>\n<\/li>\n<li>\n<address><span style=\"font-family: arial,helvetica,sans-serif; font-size: 12pt;\" data-mce-mark=\"1\"><strong>URL: <\/strong><a href=\"http:\/\/isfdborges.crr.infd.edu.ar\">http:\/\/isfdborges.crr.infd.edu.ar<\/a><\/span><\/address>\n<\/li>\n<\/ul>\n<\/div>\n<p><span style=\"font-family: verdana; font-size: 10pt;\" data-mce-mark=\"1\">\u00a0<\/span><\/p><\/blockquote>\n<\/div>\n","protected":false},"excerpt":{"rendered":"<p>INSTITUTO SUPERIOR DE FORMACION DOCENTE \u00abJORGE LUIS BORGES\u00bb \u00a0Horarios de atenci\u00f3n: 18.00 a 23.00 Hs. Direcci\u00f3n: San Mart\u00edn 550\u00a0 Tel\u00e9fonos:&#8211; E-mail de consultas:\u00a0 URL: http:\/\/isfdborges.crr.infd.edu.ar \u00a0<\/p>\n","protected":false},"author":20,"featured_media":0,"parent":0,"menu_order":0,"comment_status":"closed","ping_status":"closed","template":"","meta":[],"acf":[],"_links":{"self":[{"href":"https:\/\/isfdborges-crr.infd.edu.ar\/sitio\/wp-json\/wp\/v2\/pages\/798"}],"collection":[{"href":"https:\/\/isfdborges-crr.infd.edu.ar\/sitio\/wp-json\/wp\/v2\/pages"}],"about":[{"href":"https:\/\/isfdborges-crr.infd.edu.ar\/sitio\/wp-json\/wp\/v2\/types\/page"}],"author":[{"embeddable":true,"href":"https:\/\/isfdborges-crr.infd.edu.ar\/sitio\/wp-json\/wp\/v2\/users\/20"}],"replies":[{"embeddable":true,"href":"https:\/\/isfdborges-crr.infd.edu.ar\/sitio\/wp-json\/wp\/v2\/comments?post=798"}],"version-history":[{"count":3,"href":"https:\/\/isfdborges-crr.infd.edu.ar\/sitio\/wp-json\/wp\/v2\/pages\/798\/revisions"}],"predecessor-version":[{"id":958,"href":"https:\/\/isfdborges-crr.infd.edu.ar\/sitio\/wp-json\/wp\/v2\/pages\/798\/revisions\/958"}],"wp:attachment":[{"href":"https:\/\/isfdborges-crr.infd.edu.ar\/sitio\/wp-json\/wp\/v2\/media?parent=798"}],"curies":[{"name":"wp","href":"https:\/\/api.w.org\/{rel}","templated":true}]}}