{"id":804,"date":"2018-08-30T12:23:17","date_gmt":"2018-08-30T15:23:17","guid":{"rendered":"https:\/\/isfdborges-crr.infd.edu.ar\/sitio\/autoridades\/"},"modified":"2020-09-22T21:16:19","modified_gmt":"2020-09-23T00:16:19","slug":"autoridades","status":"publish","type":"page","link":"https:\/\/isfdborges-crr.infd.edu.ar\/sitio\/autoridades\/","title":{"rendered":"Autoridades"},"content":{"rendered":"<p><strong><span style=\"font-size: medium; font-family: arial,helvetica,sans-serif;\">ESTRUCTURA ORGANIZACIONAL DEL ISFD<\/span><\/strong><\/p>\n<p><span style=\"color: #993300;\"><strong>INTEGRANTES DEL RECTORADO:<\/strong><\/span><\/p>\n<ul>\n<li>Rectora: Prof. Lic. Mar\u00eda Isabel JURI<\/li>\n<li>Vicerrectora: Prof. Graciela M\u00f3nica MORELLO<\/li>\n<\/ul>\n<p><strong><span style=\"color: #993300;\">INTEGRANTES DE LA SECRETARIA ADMINISTRATIVA:<\/span><\/strong><\/p>\n<ul>\n<li><strong>Secretaria:<\/strong> Sria Ejecutiva Valeria M. E. Fern\u00e1ndez<\/li>\n<li><strong>Prosecretaria:<\/strong> Prof. Carmen Elizabet Ferreira<\/li>\n<\/ul>\n<p><strong><span style=\"color: #993300;\">INTEGRANTES DEL CONSEJO DIRECTIVO:<\/span><\/strong><\/p>\n<p><strong>Rectora<\/strong>: Prof. Lic. Mar\u00eda Isabel Juri<\/p>\n<p><strong>Vicerrectora<\/strong>: Prof. Graciela M\u00f3nica Morello<\/p>\n<p><strong>Claustro Docente<\/strong><\/p>\n<ul>\n<li>Prof. Barros, Mar\u00eda Cristina<\/li>\n<li>Prof. Areco, Liliana Margarita<\/li>\n<li>Prof. Ant\u00fanez, Oscar Alfredo<\/li>\n<\/ul>\n<p><strong>Claustro No Docente<\/strong><\/p>\n<ul>\n<li>Prof. Ferreira, Carmen Elizabet<\/li>\n<li>Prof. Acevedo, Mar\u00eda Teresa<\/li>\n<li>Prof. Gales, Graciela Cristina<\/li>\n<\/ul>\n<p><strong>Claustro De Los Estudiantes<\/strong>:<\/p>\n<ul>\n<li>Bauer Sergio Fabi\u00e1n (Alumno del Profesorado en Historia)<\/li>\n<li>Leiva, Yanet Celina (Alumna del Profesorado en Educaci\u00f3n Primaria)<\/li>\n<li>Da Luz, Ariel Maximiliano (Alumno del Profesorado en Historia y Tecnicatura Superior en Econ\u00f3mica Social Orientada al Desarrollo Local).<\/li>\n<\/ul>\n<p><strong>Claustro Graduado<\/strong><\/p>\n<ul>\n<li>Prof. Toledo, Antonia Adelina<\/li>\n<li>Prof. Avalos, Gast\u00f3n<\/li>\n<\/ul>\n<p><strong>INTEGRANTES DEL CONSEJO CONSULTIVO<\/strong>:<\/p>\n<p><span style=\"color: #993300;\"><strong>Coordinadores de \u00c1reas:<\/strong><\/span><\/p>\n<ul>\n<li>Formaci\u00f3n Docente Inicial: Prof. Mar\u00eda Isabel Arbelaiz<\/li>\n<li>Formaci\u00f3n T\u00e9cnica: VACANTE<\/li>\n<li>Asesoramiento Pedag\u00f3gico a Escuelas: VACANTE<\/li>\n<li>Formaci\u00f3n Docente Continua: Prof. Carmen Narv\u00e1ez S\u00e1nchez<\/li>\n<li>Investigaci\u00f3n: Prof. Mar\u00eda Viviana Ordenavia<\/li>\n<li>Pr\u00e1ctica Docente: VACANTE<\/li>\n<li>Pr\u00e1ctica Profesionalizantes: VACANTE<\/li>\n<li>Coordinadora Institucional de Pol\u00edticas Estudiantiles: Prof. H\u00e9ctor R. Fernandez<\/li>\n<\/ul>\n<p><span style=\"color: #993300;\"><strong>Coordinadores de Carreras<\/strong><\/span>.<\/p>\n<ul>\n<li>Profesorado de Educaci\u00f3n Secundaria en Biolog\u00eda: VACANTE<\/li>\n<li>Profesorado de Educaci\u00f3n Secundaria en Historia: Prof. V\u00edctor Hugo Areco Estigarribia<\/li>\n<li>Profesorado de Educaci\u00f3n Secundaria en Econom\u00eda: Prof. Rosana M. Hern\u00e1ndez<\/li>\n<li>Profesorado de Educaci\u00f3n Secundaria en Lengua y Literatura: VACANTE<\/li>\n<li>Profesorado de Educaci\u00f3n Secundaria en Matem\u00e1tica: Prof. H\u00e9ctor H. Munilla<\/li>\n<li>Profesorado de Educaci\u00f3n Primaria: Prof. Daniel F. Mombage<\/li>\n<li>Profesorado de Educaci\u00f3n Inicial: Prof.\u00a0\u00a0 Silvia Cristina Subizar<\/li>\n<li>Tecnicatura Superior en Infraestructura Inform\u00e1tica: Prof. Ang\u00e9lica A. Vignoles<\/li>\n<li>Tecnicatura Superior en Econom\u00eda Social Orientada al Desarrollo Local: VACANTE<\/li>\n<li>Tecnicatura Superior en Industrializaci\u00f3n de la Madera: VACANTE<\/li>\n<\/ul>\n<p><strong>Extensi\u00f3n \u00c1ulica Colonia Liebig&#8217;s<\/strong><\/p>\n<ul>\n<li>Coordinador de Extensi\u00f3n \u00c1ulica: Prof. Luis A. Gonz\u00e1lez<\/li>\n<li>Coordinadora de Carrera Profesorado de Educaci\u00f3n Secundaria en Econom\u00eda: Prof. Sara Beatriz Alvarenga<\/li>\n<\/ul>\n","protected":false},"excerpt":{"rendered":"<p>ESTRUCTURA ORGANIZACIONAL DEL ISFD INTEGRANTES DEL RECTORADO: Rectora: Prof. Lic. Mar\u00eda Isabel JURI Vicerrectora: Prof. Graciela M\u00f3nica MORELLO INTEGRANTES DE LA SECRETARIA ADMINISTRATIVA: Secretaria: Sria Ejecutiva Valeria M. E. Fern\u00e1ndez Prosecretaria: Prof. Carmen Elizabet Ferreira INTEGRANTES DEL CONSEJO DIRECTIVO: Rectora: Prof. Lic. Mar\u00eda Isabel Juri Vicerrectora: Prof. Graciela M\u00f3nica Morello Claustro Docente Prof. Barros, Mar\u00eda &#8230; <a title=\"Autoridades\" class=\"read-more\" href=\"https:\/\/isfdborges-crr.infd.edu.ar\/sitio\/autoridades\/\" aria-label=\"More on Autoridades\">[+]<\/a><\/p>\n","protected":false},"author":20,"featured_media":0,"parent":0,"menu_order":0,"comment_status":"closed","ping_status":"closed","template":"","meta":[],"acf":[],"_links":{"self":[{"href":"https:\/\/isfdborges-crr.infd.edu.ar\/sitio\/wp-json\/wp\/v2\/pages\/804"}],"collection":[{"href":"https:\/\/isfdborges-crr.infd.edu.ar\/sitio\/wp-json\/wp\/v2\/pages"}],"about":[{"href":"https:\/\/isfdborges-crr.infd.edu.ar\/sitio\/wp-json\/wp\/v2\/types\/page"}],"author":[{"embeddable":true,"href":"https:\/\/isfdborges-crr.infd.edu.ar\/sitio\/wp-json\/wp\/v2\/users\/20"}],"replies":[{"embeddable":true,"href":"https:\/\/isfdborges-crr.infd.edu.ar\/sitio\/wp-json\/wp\/v2\/comments?post=804"}],"version-history":[{"count":5,"href":"https:\/\/isfdborges-crr.infd.edu.ar\/sitio\/wp-json\/wp\/v2\/pages\/804\/revisions"}],"predecessor-version":[{"id":1101,"href":"https:\/\/isfdborges-crr.infd.edu.ar\/sitio\/wp-json\/wp\/v2\/pages\/804\/revisions\/1101"}],"wp:attachment":[{"href":"https:\/\/isfdborges-crr.infd.edu.ar\/sitio\/wp-json\/wp\/v2\/media?parent=804"}],"curies":[{"name":"wp","href":"https:\/\/api.w.org\/{rel}","templated":true}]}}