{"id":910,"date":"2019-05-05T20:40:15","date_gmt":"2019-05-05T23:40:15","guid":{"rendered":"https:\/\/isfdborges-crr.infd.edu.ar\/sitio\/?page_id=910"},"modified":"2020-06-25T11:38:40","modified_gmt":"2020-06-25T14:38:40","slug":"educavirtual","status":"publish","type":"page","link":"https:\/\/isfdborges-crr.infd.edu.ar\/sitio\/educavirtual\/","title":{"rendered":"Inscripci\u00f3n Cursos Corrientes Educa Virtual"},"content":{"rendered":"<p style=\"text-align: center;\">\n<p><img decoding=\"async\" loading=\"lazy\" class=\"alignnone size-medium wp-image-1036 aligncenter\" src=\"https:\/\/isfdborges-crr.infd.edu.ar\/sitio\/wp-content\/uploads\/2020\/03\/Promo-1000x773.jpg\" alt=\"\" width=\"1000\" height=\"773\" srcset=\"https:\/\/isfdborges-crr.infd.edu.ar\/sitio\/wp-content\/uploads\/2020\/03\/Promo-1000x773.jpg 1000w, https:\/\/isfdborges-crr.infd.edu.ar\/sitio\/wp-content\/uploads\/2020\/03\/Promo-768x593.jpg 768w, https:\/\/isfdborges-crr.infd.edu.ar\/sitio\/wp-content\/uploads\/2020\/03\/Promo-1900x1468.jpg 1900w, https:\/\/isfdborges-crr.infd.edu.ar\/sitio\/wp-content\/uploads\/2020\/03\/Promo.jpg 2000w\" sizes=\"(max-width: 1000px) 100vw, 1000px\" \/><\/p>\n<ul>\n<li>\n<h2><strong>Aprender Conectados en el Nivel Inicial<\/strong><\/h2>\n<\/li>\n<\/ul>\n<p><strong><span style=\"color: #003366;\">link de inscripci\u00f3n<\/span>:\u00a0 \u00a0<a href=\"https:\/\/forms.gle\/4mgNHizMErcHfHtUA\">\u00a0https:\/\/forms.gle\/4mgNHizMErcHfHtUA<\/a>\u00a0<\/strong><\/p>\n<ul>\n<li>\n<h2><strong>B\u00fasqueda y Evaluaci\u00f3n de la Informaci\u00f3n en Internet<\/strong><\/h2>\n<\/li>\n<\/ul>\n<p><strong><span style=\"color: #003366;\">link de inscripci\u00f3n<\/span>:\u00a0 \u00a0<a href=\"https:\/\/forms.gle\/hzbGwghbPTu4xsvbA\"> https:\/\/forms.gle\/hzbGwghbPTu4xsvbA\u00a0<\/a> \u00a0 \u00a0 \u00a0 \u00a0 \u00a0 \u00a0 \u00a0 \u00a0 \u00a0 \u00a0 \u00a0 \u00a0 \u00a0\u00a0<\/strong><\/p>\n<ul>\n<li>\n<h2><strong>Ciudadan\u00eda Digital<\/strong><\/h2>\n<\/li>\n<\/ul>\n<p><strong><span style=\"color: #003366;\">link de inscripci\u00f3n<\/span>:\u00a0 \u00a0<a href=\"https:\/\/forms.gle\/xXKMph8mjnuGz6FF7\">\u00a0https:\/\/forms.gle\/xXKMph8mjnuGz6FF7\u00a0<\/a><\/strong><\/p>\n<ul>\n<li>\n<h2><strong>Educaci\u00f3n Tributaria y Convivencia Democr\u00e1tica<\/strong><\/h2>\n<\/li>\n<\/ul>\n<p><strong><span style=\"color: #003366;\">link de inscripci\u00f3n<\/span>:\u00a0 \u00a0\u00a0<a href=\"https:\/\/forms.gle\/6K8zfvUVH3d2gUge9\">https:\/\/forms.gle\/6K8zfvUVH3d2gUge9<\/a><\/strong><\/p>\n<ul>\n<li>\n<h2><strong>Ense\u00f1ar Lectura, Escritura y Oralidad con TIC<\/strong><\/h2>\n<\/li>\n<\/ul>\n<p><strong><span style=\"color: #003366;\">link de inscripci\u00f3n<\/span>:\u00a0 \u00a0\u00a0<a href=\"https:\/\/forms.gle\/Kxrh5jnyAyb4MD9v8\">https:\/\/forms.gle\/Kxrh5jnyAyb4MD9v8\u00a0<\/a><\/strong><\/p>\n<ul>\n<li>\n<h2><strong>Introducci\u00f3n a la Alfabetizaci\u00f3n Inicial<\/strong><\/h2>\n<\/li>\n<\/ul>\n<p><strong><span style=\"color: #003366;\">link de inscripci\u00f3n<\/span>:\u00a0 \u00a0\u00a0<a href=\"https:\/\/forms.gle\/VExYRU3Aq8dwC9VD8\">https:\/\/forms.gle\/VExYRU3Aq8dwC9VD8<\/a>\u00a0<\/strong><\/p>\n<ul>\n<li>\n<h2><strong>Introducci\u00f3n a la programaci\u00f3n Scratch<\/strong><\/h2>\n<\/li>\n<\/ul>\n<p><strong><span style=\"color: #003366;\">link de inscripci\u00f3n<\/span>:\u00a0 \u00a0\u00a0<a href=\"https:\/\/forms.gle\/MS1qijj4h5f66X546\">https:\/\/forms.gle\/MS1qijj4h5f66X546\u00a0<\/a><\/strong><\/p>\n<ul>\n<li>\n<h2><strong>Literatura Argentina: Cuatro recorridos<\/strong><\/h2>\n<\/li>\n<\/ul>\n<p><strong><span style=\"color: #003366;\">link de inscripci\u00f3n<\/span>:\u00a0 \u00a0\u00a0<a href=\"https:\/\/forms.gle\/YGMH6i3pL3bU4fx26\">https:\/\/forms.gle\/YGMH6i3pL3bU4fx26<\/a>\u00a0<\/strong><\/p>\n<ul>\n<li>\n<h2><strong>Literatura y Cine<\/strong><\/h2>\n<\/li>\n<\/ul>\n<p><strong><span style=\"color: #003366;\">link de inscripci\u00f3n<\/span>:\u00a0 \u00a0\u00a0<a href=\"https:\/\/forms.gle\/15vez68KaabcdgdJ7\">https:\/\/forms.gle\/15vez68KaabcdgdJ7<\/a>\u00a0\u00a0<\/strong><\/p>\n<ul>\n<li>\n<h2><strong>Microsoft Office \u2013 Excel avanzado<\/strong><\/h2>\n<\/li>\n<\/ul>\n<p><strong><span style=\"color: #003366;\">link de inscripci\u00f3n<\/span>:\u00a0 \u00a0\u00a0<a href=\"https:\/\/forms.gle\/JdfQn3qWVa7zdgpP7\">h<\/a>ttps:\/\/forms.gle\/JdfQn3qWVa7zdgpP7\u00a0<\/strong><\/p>\n<ul>\n<li>\n<h2>Microsoft Office \u2013 Excel b\u00e1sico<\/h2>\n<\/li>\n<\/ul>\n<p><strong><span style=\"color: #003366;\">link de inscripci\u00f3n<\/span>:\u00a0 \u00a0\u00a0<a href=\"https:\/\/forms.gle\/7UPUP4qcmBbNyqg88\">https:\/\/forms.gle\/7UPUP4qcmBbNyqg88<\/a>\u00a0<\/strong><\/p>\n<ul>\n<li>\n<h2><strong>Microsoft Office \u2013 Word B\u00e1sico\u00a0<\/strong><\/h2>\n<\/li>\n<\/ul>\n<p><strong><span style=\"color: #003366;\">link de inscripci\u00f3n<\/span>:\u00a0 \u00a0\u00a0<a href=\"https:\/\/forms.gle\/4aErWaeth74SpKEv6\">https:\/\/forms.gle\/4aErWaeth74SpKEv6<\/a>\u00a0<\/strong><\/p>\n<ul>\n<li>\n<h2><strong>Realidad Aumentada y Realidad Virtual en Educaci\u00f3n Primaria<\/strong><\/h2>\n<\/li>\n<\/ul>\n<p><strong><span style=\"color: #003366;\">link de inscripci\u00f3n<\/span>:\u00a0 \u00a0\u00a0<a href=\"https:\/\/forms.gle\/kQMRRdhMkibGr1eA8\">https:\/\/forms.gle\/kQMRRdhMkibGr1eA8<\/a><\/strong><\/p>\n<ul>\n<li>\n<h2><strong>Tertulias Dial\u00f3gicas Literarias<\/strong><\/h2>\n<\/li>\n<\/ul>\n<p><strong><span style=\"color: #003366;\">link de inscripci\u00f3n<\/span>:\u00a0 \u00a0\u00a0<a href=\"https:\/\/forms.gle\/pUGSjuQErr1uPBnx9\">https:\/\/forms.gle\/pUGSjuQErr1uPBnx9<\/a><\/strong><\/p>\n","protected":false},"excerpt":{"rendered":"<p>Aprender Conectados en el Nivel Inicial link de inscripci\u00f3n:\u00a0 \u00a0\u00a0https:\/\/forms.gle\/4mgNHizMErcHfHtUA\u00a0 B\u00fasqueda y Evaluaci\u00f3n de la Informaci\u00f3n en Internet link de inscripci\u00f3n:\u00a0 \u00a0 https:\/\/forms.gle\/hzbGwghbPTu4xsvbA\u00a0 \u00a0 \u00a0 \u00a0 \u00a0 \u00a0 \u00a0 \u00a0 \u00a0 \u00a0 \u00a0 \u00a0 \u00a0 \u00a0\u00a0 Ciudadan\u00eda Digital link de inscripci\u00f3n:\u00a0 \u00a0\u00a0https:\/\/forms.gle\/xXKMph8mjnuGz6FF7\u00a0 Educaci\u00f3n Tributaria y Convivencia Democr\u00e1tica link de inscripci\u00f3n:\u00a0 \u00a0\u00a0https:\/\/forms.gle\/6K8zfvUVH3d2gUge9 Ense\u00f1ar Lectura, Escritura y &#8230; <a title=\"Inscripci\u00f3n Cursos Corrientes Educa Virtual\" class=\"read-more\" href=\"https:\/\/isfdborges-crr.infd.edu.ar\/sitio\/educavirtual\/\" aria-label=\"More on Inscripci\u00f3n Cursos Corrientes Educa Virtual\">[+]<\/a><\/p>\n","protected":false},"author":20,"featured_media":0,"parent":0,"menu_order":0,"comment_status":"closed","ping_status":"closed","template":"","meta":[],"acf":[],"_links":{"self":[{"href":"https:\/\/isfdborges-crr.infd.edu.ar\/sitio\/wp-json\/wp\/v2\/pages\/910"}],"collection":[{"href":"https:\/\/isfdborges-crr.infd.edu.ar\/sitio\/wp-json\/wp\/v2\/pages"}],"about":[{"href":"https:\/\/isfdborges-crr.infd.edu.ar\/sitio\/wp-json\/wp\/v2\/types\/page"}],"author":[{"embeddable":true,"href":"https:\/\/isfdborges-crr.infd.edu.ar\/sitio\/wp-json\/wp\/v2\/users\/20"}],"replies":[{"embeddable":true,"href":"https:\/\/isfdborges-crr.infd.edu.ar\/sitio\/wp-json\/wp\/v2\/comments?post=910"}],"version-history":[{"count":18,"href":"https:\/\/isfdborges-crr.infd.edu.ar\/sitio\/wp-json\/wp\/v2\/pages\/910\/revisions"}],"predecessor-version":[{"id":1033,"href":"https:\/\/isfdborges-crr.infd.edu.ar\/sitio\/wp-json\/wp\/v2\/pages\/910\/revisions\/1033"}],"wp:attachment":[{"href":"https:\/\/isfdborges-crr.infd.edu.ar\/sitio\/wp-json\/wp\/v2\/media?parent=910"}],"curies":[{"name":"wp","href":"https:\/\/api.w.org\/{rel}","templated":true}]}}